{"id":349,"date":"2021-01-11T17:52:41","date_gmt":"2021-01-11T16:52:41","guid":{"rendered":"https:\/\/www.tweb.tv\/?page_id=349"},"modified":"2022-03-12T16:27:42","modified_gmt":"2022-03-12T15:27:42","slug":"envoyez-des-fichiers","status":"publish","type":"page","link":"https:\/\/www.tweb.tv\/?page_id=349","title":{"rendered":"Envoyez des fichiers"},"content":{"rendered":"\n<p class=\"has-background\" style=\"background-color:#0d0198\">Module d&#8217;envoi pour faire parvenir des fichiers aux medias et journalistes du collectif (audio, video, image, pdf, \u2026)<br><\/p>\n\n\n\n<p class=\"has-background\" style=\"background-color:#0d0198\">\u201cSelect folder\u201d choisissez le destinataire<br><\/p>\n\n\n\n<p class=\"has-background\" style=\"background-color:#0d0198\">Remplissez les champs demand\u00e9s (aucune information n\u2019est obligatoire, n\u00e9anmoins plus nous pourrons identifier et authentifier les \u00e9l\u00e9ments et plus nous pourrons travailler avec ou les diffuser si besoin)<br><\/p>\n\n\n\n<p class=\"has-background\" style=\"background-color:#0d0198\">s\u00e9lectionner les fichiers\u201d (vous pouvez en s\u00e9lectionner plusieurs ensemble ou \u00e0 la suite\u201d<br><\/p>\n\n\n\n<p class=\"has-background\" style=\"background-color:#0d0198\">Une fois votre liste de fichiers compl\u00e8te, n\u2019oubliez pas de cliquer sur \u201cstart upload\u201d et attendre le transfert complet.<br><\/p>\n\n\n\n<p class=\"has-background\" style=\"background-color:#0d0198\">un lien vous est d\u00e9livr\u00e9 vous permettant de revenir dans votre dossier et ajouter, r\u00e9cup\u00e9rer (t\u00e9l\u00e9charger) ou retirer des fichiers voir les partager gr\u00e2ce aux liens de chaque fichier.<\/p>\n\n\n\n<script type=\"text\/javascript\" id=\"files_fm_upload_script_tag\" src=\"https:\/\/files.fm\/web_module\/js\/v1\/?uid=116613659&amp;uid_hash=cf1c953f0bd871277def6903872be124&amp;language=en&amp;insert_before_id=files_fm_upload_script_tag&amp;type=inline-form\"><\/script>\n","protected":false},"excerpt":{"rendered":"<p>Module d&#8217;envoi pour faire parvenir des fichiers aux medias et journalistes du collectif (audio, video, image, pdf, \u2026) \u201cSelect folder\u201d choisissez le destinataire Remplissez les champs demand\u00e9s (aucune information n\u2019est obligatoire, n\u00e9anmoins plus nous pourrons identifier et authentifier les \u00e9l\u00e9ments et plus nous pourrons travailler avec ou les diffuser si besoin) s\u00e9lectionner les fichiers\u201d (vous [&hellip;]<\/p>\n","protected":false},"author":1,"featured_media":0,"parent":0,"menu_order":0,"comment_status":"closed","ping_status":"closed","template":"","meta":[],"rttpg_featured_image_url":null,"rttpg_author":{"display_name":"dev-jimStark","author_link":"https:\/\/www.tweb.tv\/?author=1"},"rttpg_comment":0,"rttpg_category":null,"rttpg_excerpt":"Module d&#8217;envoi pour faire parvenir des fichiers aux medias et journalistes du collectif (audio, video, image, pdf, \u2026) \u201cSelect folder\u201d choisissez le destinataire Remplissez les champs demand\u00e9s (aucune information n\u2019est obligatoire, n\u00e9anmoins plus nous pourrons identifier et authentifier les \u00e9l\u00e9ments et plus nous pourrons travailler avec ou les diffuser si besoin) s\u00e9lectionner les fichiers\u201d (vous\u2026","_links":{"self":[{"href":"https:\/\/www.tweb.tv\/index.php?rest_route=\/wp\/v2\/pages\/349"}],"collection":[{"href":"https:\/\/www.tweb.tv\/index.php?rest_route=\/wp\/v2\/pages"}],"about":[{"href":"https:\/\/www.tweb.tv\/index.php?rest_route=\/wp\/v2\/types\/page"}],"author":[{"embeddable":true,"href":"https:\/\/www.tweb.tv\/index.php?rest_route=\/wp\/v2\/users\/1"}],"replies":[{"embeddable":true,"href":"https:\/\/www.tweb.tv\/index.php?rest_route=%2Fwp%2Fv2%2Fcomments&post=349"}],"version-history":[{"count":2,"href":"https:\/\/www.tweb.tv\/index.php?rest_route=\/wp\/v2\/pages\/349\/revisions"}],"predecessor-version":[{"id":947,"href":"https:\/\/www.tweb.tv\/index.php?rest_route=\/wp\/v2\/pages\/349\/revisions\/947"}],"wp:attachment":[{"href":"https:\/\/www.tweb.tv\/index.php?rest_route=%2Fwp%2Fv2%2Fmedia&parent=349"}],"curies":[{"name":"wp","href":"https:\/\/api.w.org\/{rel}","templated":true}]}}